{"id":34,"date":"2022-11-07T18:47:31","date_gmt":"2022-11-07T18:47:31","guid":{"rendered":"http:\/\/fcdlpe.org\/minhacdl\/colibri-wp\/"},"modified":"2022-11-08T01:25:44","modified_gmt":"2022-11-08T01:25:44","slug":"colibri-wp","status":"publish","type":"page","link":"https:\/\/fcdlpe.org\/minhacdl\/","title":{"rendered":"Front Page"},"content":{"rendered":"<div data-colibri-id=\"34-c1\" class=\"style-189 style-local-34-c1 position-relative\">\n  <!---->\n  <div data-colibri-component=\"section\" data-colibri-id=\"34-c2\" id=\"overlappable\" class=\"h-section h-section-global-spacing d-flex align-items-lg-center align-items-md-center align-items-center style-190 style-local-34-c2 position-relative\">\n    <!---->\n    <!---->\n    <div class=\"h-section-grid-container h-section-boxed-container\">\n      <!---->\n      <div data-colibri-id=\"34-c3\" class=\"h-row-container gutters-row-lg-0 gutters-row-md-0 gutters-row-2 gutters-row-v-lg-2 gutters-row-v-md-2 gutters-row-v-2 style-191 style-local-34-c3 position-relative\">\n        <!---->\n        <div class=\"h-row justify-content-lg-center justify-content-md-center justify-content-center align-items-lg-stretch align-items-md-stretch align-items-stretch gutters-col-lg-0 gutters-col-md-0 gutters-col-2 gutters-col-v-lg-2 gutters-col-v-md-2 gutters-col-v-2\">\n          <!---->\n          <div class=\"h-column h-column-container d-flex h-col-lg-3 h-col-md-3 h-col-12 style-192-outer style-local-34-c4-outer\">\n            <div data-colibri-id=\"34-c4\" class=\"d-flex h-flex-basis h-column__inner h-px-lg-3 h-px-md-3 h-px-2 v-inner-lg-3 v-inner-md-3 v-inner-2 style-192 style-local-34-c4 position-relative\">\n              <!---->\n              <!---->\n              <div class=\"w-100 h-y-container h-column__content h-column__v-align flex-basis-100 align-self-lg-center align-self-md-center align-self-center\">\n                <!---->\n                <div data-colibri-id=\"34-c5\" class=\"h-icon style-193 style-local-34-c5 position-relative h-element\">\n                  <!----><span class=\"h-svg-icon h-icon__icon style-193-icon style-local-34-c5-icon\"><!--Icon by Font Awesome (https:\/\/fontawesome.com)-->\n    <svg version=\"1.1\" xmlns=\"http:\/\/www.w3.org\/2000\/svg\" xmlns:xlink=\"http:\/\/www.w3.org\/1999\/xlink\" id=\"money\" viewBox=\"0 0 1920 1896.0833\">\n      <path d=\"M768 1152h384v-96h-128V608H910L762 745l77 80q42-37 55-57h2v288H768v96zm512-256q0 70-21 142t-59.5 134-101.5 101-138 39-138-39-101.5-101-59.5-134-21-142 21-142 59.5-134T822 519t138-39 138 39 101.5 101 59.5 134 21 142zm512 256V640q-106 0-181-75t-75-181H384q0 106-75 181t-181 75v512q106 0 181 75t75 181h1152q0-106 75-181t181-75zm128-832v1152q0 26-19 45t-45 19H64q-26 0-45-19t-19-45V320q0-26 19-45t45-19h1792q26 0 45 19t19 45z\"><\/path>\n    <\/svg><\/span><\/div>\n                <div data-colibri-id=\"34-c6\" class=\"h-global-transition-all h-heading style-194 style-local-34-c6 position-relative h-element\">\n                  <!---->\n                  <div class=\"h-heading__outer style-194 style-local-34-c6\">\n                    <!---->\n                    <!---->\n                    <h5 class=\"\">PROMO\u00c7\u00d5ES<\/h5>\n                  <\/div>\n                <\/div>\n              <\/div>\n            <\/div>\n          <\/div>\n          <div class=\"h-column h-column-container d-flex h-col-lg-3 h-col-md-3 h-col-12 style-192-outer style-local-34-c8-outer\">\n            <div data-colibri-id=\"34-c8\" class=\"d-flex h-flex-basis h-column__inner h-px-lg-3 h-px-md-3 h-px-2 v-inner-lg-3 v-inner-md-3 v-inner-2 style-192 style-local-34-c8 position-relative\">\n              <!---->\n              <!---->\n              <div class=\"w-100 h-y-container h-column__content h-column__v-align flex-basis-100 align-self-lg-center align-self-md-center align-self-center\">\n                <!---->\n                <div data-colibri-id=\"34-c9\" class=\"h-icon style-193 style-local-34-c9 position-relative h-element\">\n                  <!----><span class=\"h-svg-icon h-icon__icon style-193-icon style-local-34-c9-icon\"><!--Icon by Font Awesome (https:\/\/fontawesome.com)-->\n    <svg version=\"1.1\" xmlns=\"http:\/\/www.w3.org\/2000\/svg\" xmlns:xlink=\"http:\/\/www.w3.org\/1999\/xlink\" id=\"tag\" viewBox=\"0 0 1536 1896.0833\">\n      <path d=\"M448 448q0-53-37.5-90.5T320 320t-90.5 37.5T192 448t37.5 90.5T320 576t90.5-37.5T448 448zm1067 576q0 53-37 90l-491 492q-39 37-91 37-53 0-90-37L91 890q-38-37-64.5-101T0 672V256q0-52 38-90t90-38h416q53 0 117 26.5T763 219l715 714q37 39 37 91z\"><\/path>\n    <\/svg><\/span><\/div>\n                <div data-colibri-id=\"34-c10\" class=\"h-global-transition-all h-heading style-194 style-local-34-c10 position-relative h-element\">\n                  <!---->\n                  <div class=\"h-heading__outer style-194 style-local-34-c10\">\n                    <!---->\n                    <!---->\n                    <h5 class=\"\">DESCONTOS<\/h5>\n                  <\/div>\n                <\/div>\n              <\/div>\n            <\/div>\n          <\/div>\n          <div class=\"h-column h-column-container d-flex h-col-lg-3 h-col-md-3 h-col-12 style-192-outer style-local-34-c12-outer\">\n            <div data-colibri-id=\"34-c12\" class=\"d-flex h-flex-basis h-column__inner h-px-lg-3 h-px-md-3 h-px-2 v-inner-lg-3 v-inner-md-3 v-inner-2 style-192 style-local-34-c12 position-relative\">\n              <!---->\n              <!---->\n              <div class=\"w-100 h-y-container h-column__content h-column__v-align flex-basis-100 align-self-lg-center align-self-md-center align-self-center\">\n                <!---->\n                <div data-colibri-id=\"34-c13\" class=\"h-icon style-193 style-local-34-c13 position-relative h-element\">\n                  <!----><span class=\"h-svg-icon h-icon__icon style-193-icon style-local-34-c13-icon\"><!--Icon by Font Awesome (https:\/\/fontawesome.com)-->\n    <svg version=\"1.1\" xmlns=\"http:\/\/www.w3.org\/2000\/svg\" xmlns:xlink=\"http:\/\/www.w3.org\/1999\/xlink\" id=\"thumbs-up\" viewBox=\"0 0 1664 1896.0833\">\n      <path d=\"M256 1344q0-26-19-45t-45-19q-27 0-45.5 19t-18.5 45q0 27 18.5 45.5T192 1408q26 0 45-18.5t19-45.5zm160-512v640q0 26-19 45t-45 19H64q-26 0-45-19t-19-45V832q0-26 19-45t45-19h288q26 0 45 19t19 45zm1184 0q0 86-55 149 15 44 15 76 3 76-43 137 17 56 0 117-15 57-54 94 9 112-49 181-64 76-197 78h-129q-66 0-144-15.5t-121.5-29T702 1580q-123-43-158-44-26-1-45-19.5t-19-44.5V831q0-25 18-43.5t43-20.5q24-2 76-59t101-121q68-87 101-120 18-18 31-48t17.5-48.5T881 310q7-39 12.5-61t19.5-52 34-50q19-19 45-19 46 0 82.5 10.5t60 26 40 40.5 24 45 12 50 5 45 .5 39q0 38-9.5 76t-19 60-27.5 56q-3 6-10 18t-11 22-8 24h277q78 0 135 57t57 135z\"><\/path>\n    <\/svg><\/span><\/div>\n                <div data-colibri-id=\"34-c14\" class=\"h-global-transition-all h-heading style-194 style-local-34-c14 position-relative h-element\">\n                  <!---->\n                  <div class=\"h-heading__outer style-194 style-local-34-c14\">\n                    <!---->\n                    <!---->\n                    <h5 class=\"\">VARIEDADES<\/h5>\n                  <\/div>\n                <\/div>\n              <\/div>\n            <\/div>\n          <\/div>\n          <div class=\"h-column h-column-container d-flex h-col-lg-3 h-col-md-3 h-col-12 style-196-outer style-local-34-c16-outer\">\n            <div data-colibri-id=\"34-c16\" class=\"d-flex h-flex-basis h-column__inner h-px-lg-3 h-px-md-3 h-px-2 v-inner-lg-3 v-inner-md-3 v-inner-2 style-196 style-local-34-c16 position-relative\">\n              <!---->\n              <!---->\n              <div class=\"w-100 h-y-container h-column__content h-column__v-align flex-basis-100 align-self-lg-center align-self-md-center align-self-center\">\n                <!---->\n                <div data-colibri-id=\"34-c17\" class=\"h-icon style-193 style-local-34-c17 position-relative h-element\">\n                  <!----><span class=\"h-svg-icon h-icon__icon style-193-icon style-local-34-c17-icon\"><!--Icon by Font Awesome (https:\/\/fontawesome.com)-->\n    <svg version=\"1.1\" xmlns=\"http:\/\/www.w3.org\/2000\/svg\" xmlns:xlink=\"http:\/\/www.w3.org\/1999\/xlink\" id=\"shopping-cart\" viewBox=\"0 0 1664 1896.0833\">\n      <path d=\"M640 1536q0 52-38 90t-90 38-90-38-38-90 38-90 90-38 90 38 38 90zm896 0q0 52-38 90t-90 38-90-38-38-90 38-90 90-38 90 38 38 90zm128-1088v512q0 24-16.5 42.5T1607 1024L563 1146q13 60 13 70 0 16-24 64h920q26 0 45 19t19 45-19 45-45 19H448q-26 0-45-19t-19-45q0-11 8-31.5t16-36 21.5-40T445 1207L268 384H64q-26 0-45-19T0 320t19-45 45-19h256q16 0 28.5 6.5T368 278t13 24.5 8 26 5.5 29.5 4.5 26h1201q26 0 45 19t19 45z\"><\/path>\n    <\/svg><\/span><\/div>\n                <div data-colibri-id=\"34-c18\" class=\"h-global-transition-all h-heading style-194 style-local-34-c18 position-relative h-element\">\n                  <!---->\n                  <div class=\"h-heading__outer style-194 style-local-34-c18\">\n                    <!---->\n                    <!---->\n                    <h5 class=\"\">COMPRAS<\/h5>\n                  <\/div>\n                <\/div>\n              <\/div>\n            <\/div>\n          <\/div>\n        <\/div>\n      <\/div>\n    <\/div>\n  <\/div>\n  <div data-colibri-component=\"section\" data-colibri-id=\"34-c181\" id=\"cta\" class=\"h-section h-section-global-spacing d-flex align-items-lg-center align-items-md-center align-items-center style-268 style-local-34-c181 position-relative\">\n    <div class=\"background-wrapper\">\n      <div class=\"background-layer background-layer-media-container-lg\">\n        <!---->\n        <div class=\"overlay-layer\">\n          <div class=\"overlay-image-layer\" style=\"background-color: rgb(0, 0, 0); opacity: 0.5;\"><\/div>\n        <\/div>\n      <\/div>\n      <div class=\"background-layer background-layer-media-container-md\">\n        <!---->\n        <div class=\"overlay-layer\">\n          <div class=\"overlay-image-layer\" style=\"background-color: rgb(0, 0, 0); opacity: 0.5;\"><\/div>\n        <\/div>\n      <\/div>\n      <div class=\"background-layer background-layer-media-container\">\n        <!---->\n        <div class=\"overlay-layer\">\n          <div class=\"overlay-image-layer\" style=\"background-color: rgb(0, 0, 0); opacity: 0.5;\"><\/div>\n        <\/div>\n      <\/div>\n    <\/div>\n    <!---->\n    <div class=\"h-section-grid-container h-section-boxed-container\">\n      <!---->\n      <div data-colibri-id=\"34-c182\" class=\"h-row-container gutters-row-lg-2 gutters-row-md-2 gutters-row-0 gutters-row-v-lg-2 gutters-row-v-md-2 gutters-row-v-2 style-269 style-local-34-c182 position-relative\">\n        <!---->\n        <div class=\"h-row justify-content-lg-center justify-content-md-center justify-content-center align-items-lg-stretch align-items-md-stretch align-items-stretch gutters-col-lg-2 gutters-col-md-2 gutters-col-0 gutters-col-v-lg-2 gutters-col-v-md-2 gutters-col-v-2\">\n          <!---->\n          <div class=\"h-column h-column-container d-flex h-col-lg h-col-md h-col-auto style-270-outer style-local-34-c183-outer\">\n            <div data-colibri-id=\"34-c183\" class=\"d-flex h-flex-basis h-column__inner h-px-lg-0 h-px-md-0 h-px-2 v-inner-lg-0 v-inner-md-0 v-inner-2 style-270 style-local-34-c183 position-relative\">\n              <!---->\n              <!---->\n              <div class=\"w-100 h-y-container h-column__content h-column__v-align flex-basis-100 align-self-lg-center align-self-md-center align-self-center\">\n                <!---->\n                <div data-colibri-id=\"34-c184\" class=\"h-global-transition-all h-heading style-271 style-local-34-c184 position-relative h-element\">\n                  <!---->\n                  <div class=\"h-heading__outer style-271 style-local-34-c184\">\n                    <!---->\n                    <!---->\n                    <h2 class=\"\">Fale j\u00e1 com nossa equipe<\/h2>\n                  <\/div>\n                <\/div>\n              <\/div>\n            <\/div>\n          <\/div>\n          <div class=\"h-column h-column-container d-flex h-col-lg-auto h-col-md-auto h-col-auto style-272-outer style-local-34-c185-outer\">\n            <div data-colibri-id=\"34-c185\" class=\"d-flex h-flex-basis h-column__inner h-px-lg-0 h-px-md-0 h-px-2 v-inner-lg-0 v-inner-md-0 v-inner-2 style-272 style-local-34-c185 position-relative\">\n              <!---->\n              <!---->\n              <div class=\"w-100 h-y-container h-column__content h-column__v-align flex-basis-auto align-self-lg-center align-self-md-center align-self-center\">\n                <!---->\n                <div data-colibri-id=\"34-c186\" class=\"h-x-container style-273 style-local-34-c186 position-relative h-element\">\n                  <!---->\n                  <div class=\"h-x-container-inner style-dynamic-34-c186-group style-273-spacing style-local-34-c186-spacing\"><span class=\"h-button__outer style-274-outer style-local-34-c187-outer d-inline-flex h-element\"><a h-use-smooth-scroll=\"true\" href=\"\"  data-colibri-id=\"34-c187\" class=\"d-flex w-100 align-items-center h-button justify-content-lg-center justify-content-md-center justify-content-center style-274 style-local-34-c187 position-relative\"><!----><!----> <span>Clique Aqui<\/span><\/a>\n                    <\/span>\n                  <\/div>\n                <\/div>\n              <\/div>\n            <\/div>\n          <\/div>\n        <\/div>\n      <\/div>\n    <\/div>\n  <\/div>\n<\/div>","protected":false},"excerpt":{"rendered":"<p>PROMO\u00c7\u00d5ES DESCONTOS VARIEDADES COMPRAS Fale j\u00e1 com nossa equipe Clique Aqui<\/p>\n","protected":false},"author":1,"featured_media":0,"parent":0,"menu_order":0,"comment_status":"closed","ping_status":"closed","template":"page-templates\/homepage.php","meta":{"footnotes":""},"class_list":["post-34","page","type-page","status-publish","hentry"],"_links":{"self":[{"href":"https:\/\/fcdlpe.org\/minhacdl\/wp-json\/wp\/v2\/pages\/34","targetHints":{"allow":["GET"]}}],"collection":[{"href":"https:\/\/fcdlpe.org\/minhacdl\/wp-json\/wp\/v2\/pages"}],"about":[{"href":"https:\/\/fcdlpe.org\/minhacdl\/wp-json\/wp\/v2\/types\/page"}],"author":[{"embeddable":true,"href":"https:\/\/fcdlpe.org\/minhacdl\/wp-json\/wp\/v2\/users\/1"}],"replies":[{"embeddable":true,"href":"https:\/\/fcdlpe.org\/minhacdl\/wp-json\/wp\/v2\/comments?post=34"}],"version-history":[{"count":3,"href":"https:\/\/fcdlpe.org\/minhacdl\/wp-json\/wp\/v2\/pages\/34\/revisions"}],"predecessor-version":[{"id":65,"href":"https:\/\/fcdlpe.org\/minhacdl\/wp-json\/wp\/v2\/pages\/34\/revisions\/65"}],"wp:attachment":[{"href":"https:\/\/fcdlpe.org\/minhacdl\/wp-json\/wp\/v2\/media?parent=34"}],"curies":[{"name":"wp","href":"https:\/\/api.w.org\/{rel}","templated":true}]}}